{"id":16173,"date":"2015-11-16T16:08:17","date_gmt":"2015-11-16T15:08:17","guid":{"rendered":"http:\/\/dev.tobias-kirchner.de\/sintre\/?page_id=16173"},"modified":"2022-05-11T09:06:27","modified_gmt":"2022-05-11T07:06:27","slug":"impressum","status":"publish","type":"page","link":"https:\/\/www.witt-weiden.de\/sintre\/impressum\/","title":{"rendered":"Impressum"},"content":{"rendered":"<p><b>Josef Witt GmbH<br \/>\n<\/b> Schillerstra\u00dfe 4-12<br \/>\nD-92637 Weiden<\/p>\n<p>Telefon: 01805-21 21 00*<br \/>\nTelefax: 01805-21 21 01*<br \/>\n* Anrufkosten: 0,14 Euro\/Minute Festnetz\/Mobilfunk max. 0,42 Euro\/Minute<\/p>\n<p>Telefonisch rund um die Uhr erreichbar<\/p>\n<p><strong>E-Mail:<\/strong> <a class=\"inline-link\">kundenservice@witt-weiden.de<\/a><\/p>\n<hr \/>\n<p><strong>Gesch\u00e4ftsf\u00fchrer:<\/strong><br \/>\nPatrick Boos (Vors.), J\u00fcrgen Angstmann, Stefanie Z\u00fchlke-Schmidt, Johann Kiener<\/p>\n<p><strong>Gerichtsstand:<\/strong><br \/>\nAG Weiden HRB 1435<br \/>\nUst.IdNr.: DE 166396822<\/p>\n<p style=\"text-align: justify;\">Alternative Streitbeilegung: Wir sind nicht verpflichtet und nicht bereit, an Streitbeilegungsverfahren vor einer Verbraucherschlichtungsstelle teilzunehmen.<\/p>\n","protected":false},"excerpt":{"rendered":"<p>Josef Witt GmbH Schillerstra\u00dfe 4-12 D-92637 Weiden Telefon: 01805-21 21 00* Telefax: 01805-21 21 01* * Anrufkosten: 0,14 Euro\/Minute Festnetz\/Mobilfunk max. 0,42 Euro\/Minute Telefonisch rund um die Uhr erreichbar E-Mail: kundenservice@witt-weiden.de Gesch\u00e4ftsf\u00fchrer: Patrick Boos (Vors.), J\u00fcrgen Angstmann, Stefanie Z\u00fchlke-Schmidt, Johann Kiener Gerichtsstand: AG Weiden HRB 1435 Ust.IdNr.: DE 166396822 Alternative Streitbeilegung: Wir sind nicht verpflichtet [&hellip;]<\/p>\n","protected":false},"author":1,"featured_media":0,"parent":0,"menu_order":0,"comment_status":"closed","ping_status":"closed","template":"","meta":{"footnotes":""},"yoast_head":"<!-- This site is optimized with the Yoast SEO plugin v21.6 - https:\/\/yoast.com\/wordpress\/plugins\/seo\/ -->\n<title>Impressum | Sintre<\/title>\n<meta name=\"description\" content=\"Josef Witt GmbH Schillerstra\u00dfe 4-12 D-92637 Weiden Telefon: 01805-21 21 00* Telefax: 01805-21 21 01* * Anrufkosten: 0,14 Euro\/Minute Festnetz\/Mobilfunk\" \/>\n<meta name=\"robots\" content=\"noindex, follow\" \/>\n<meta property=\"og:locale\" content=\"de_DE\" \/>\n<meta property=\"og:type\" content=\"article\" \/>\n<meta property=\"og:title\" content=\"Impressum | Sintre\" \/>\n<meta property=\"og:description\" content=\"Josef Witt GmbH Schillerstra\u00dfe 4-12 D-92637 Weiden Telefon: 01805-21 21 00* Telefax: 01805-21 21 01* * Anrufkosten: 0,14 Euro\/Minute Festnetz\/Mobilfunk\" \/>\n<meta property=\"og:url\" content=\"https:\/\/www.witt-weiden.de\/sintre\/impressum\/\" \/>\n<meta property=\"og:site_name\" content=\"Sintre\" \/>\n<meta property=\"article:publisher\" content=\"https:\/\/www.facebook.com\/Sintre.Modejournal\" \/>\n<meta property=\"article:modified_time\" content=\"2022-05-11T07:06:27+00:00\" \/>\n<meta name=\"twitter:card\" content=\"summary_large_image\" \/>\n<meta name=\"twitter:label1\" content=\"Gesch\u00e4tzte Lesezeit\" \/>\n\t<meta name=\"twitter:data1\" content=\"1\u00a0Minute\" \/>\n<script type=\"application\/ld+json\" class=\"yoast-schema-graph\">{\"@context\":\"https:\/\/schema.org\",\"@graph\":[{\"@type\":\"WebPage\",\"@id\":\"https:\/\/www.witt-weiden.de\/sintre\/impressum\/\",\"url\":\"https:\/\/www.witt-weiden.de\/sintre\/impressum\/\",\"name\":\"Impressum | Sintre\",\"isPartOf\":{\"@id\":\"https:\/\/www.witt-weiden.de\/sintre\/#website\"},\"datePublished\":\"2015-11-16T15:08:17+00:00\",\"dateModified\":\"2022-05-11T07:06:27+00:00\",\"description\":\"Josef Witt GmbH Schillerstra\u00dfe 4-12 D-92637 Weiden Telefon: 01805-21 21 00* Telefax: 01805-21 21 01* * Anrufkosten: 0,14 Euro\/Minute Festnetz\/Mobilfunk\",\"breadcrumb\":{\"@id\":\"https:\/\/www.witt-weiden.de\/sintre\/impressum\/#breadcrumb\"},\"inLanguage\":\"de\",\"potentialAction\":[{\"@type\":\"ReadAction\",\"target\":[\"https:\/\/www.witt-weiden.de\/sintre\/impressum\/\"]}]},{\"@type\":\"BreadcrumbList\",\"@id\":\"https:\/\/www.witt-weiden.de\/sintre\/impressum\/#breadcrumb\",\"itemListElement\":[{\"@type\":\"ListItem\",\"position\":1,\"name\":\"Sintre\",\"item\":\"https:\/\/www.witt-weiden.de\/sintre\/\"},{\"@type\":\"ListItem\",\"position\":2,\"name\":\"Impressum\"}]},{\"@type\":\"WebSite\",\"@id\":\"https:\/\/www.witt-weiden.de\/sintre\/#website\",\"url\":\"https:\/\/www.witt-weiden.de\/sintre\/\",\"name\":\"Sintre\",\"description\":\"Fashion, Beauty und Lifestyle-Journal\",\"potentialAction\":[{\"@type\":\"SearchAction\",\"target\":{\"@type\":\"EntryPoint\",\"urlTemplate\":\"https:\/\/www.witt-weiden.de\/sintre\/?s={search_term_string}\"},\"query-input\":\"required name=search_term_string\"}],\"inLanguage\":\"de\"}]}<\/script>\n<!-- \/ Yoast SEO plugin. -->","yoast_head_json":{"title":"Impressum | Sintre","description":"Josef Witt GmbH Schillerstra\u00dfe 4-12 D-92637 Weiden Telefon: 01805-21 21 00* Telefax: 01805-21 21 01* * Anrufkosten: 0,14 Euro\/Minute Festnetz\/Mobilfunk","robots":{"index":"noindex","follow":"follow"},"og_locale":"de_DE","og_type":"article","og_title":"Impressum | Sintre","og_description":"Josef Witt GmbH Schillerstra\u00dfe 4-12 D-92637 Weiden Telefon: 01805-21 21 00* Telefax: 01805-21 21 01* * Anrufkosten: 0,14 Euro\/Minute Festnetz\/Mobilfunk","og_url":"https:\/\/www.witt-weiden.de\/sintre\/impressum\/","og_site_name":"Sintre","article_publisher":"https:\/\/www.facebook.com\/Sintre.Modejournal","article_modified_time":"2022-05-11T07:06:27+00:00","twitter_card":"summary_large_image","twitter_misc":{"Gesch\u00e4tzte Lesezeit":"1\u00a0Minute"},"schema":{"@context":"https:\/\/schema.org","@graph":[{"@type":"WebPage","@id":"https:\/\/www.witt-weiden.de\/sintre\/impressum\/","url":"https:\/\/www.witt-weiden.de\/sintre\/impressum\/","name":"Impressum | Sintre","isPartOf":{"@id":"https:\/\/www.witt-weiden.de\/sintre\/#website"},"datePublished":"2015-11-16T15:08:17+00:00","dateModified":"2022-05-11T07:06:27+00:00","description":"Josef Witt GmbH Schillerstra\u00dfe 4-12 D-92637 Weiden Telefon: 01805-21 21 00* Telefax: 01805-21 21 01* * Anrufkosten: 0,14 Euro\/Minute Festnetz\/Mobilfunk","breadcrumb":{"@id":"https:\/\/www.witt-weiden.de\/sintre\/impressum\/#breadcrumb"},"inLanguage":"de","potentialAction":[{"@type":"ReadAction","target":["https:\/\/www.witt-weiden.de\/sintre\/impressum\/"]}]},{"@type":"BreadcrumbList","@id":"https:\/\/www.witt-weiden.de\/sintre\/impressum\/#breadcrumb","itemListElement":[{"@type":"ListItem","position":1,"name":"Sintre","item":"https:\/\/www.witt-weiden.de\/sintre\/"},{"@type":"ListItem","position":2,"name":"Impressum"}]},{"@type":"WebSite","@id":"https:\/\/www.witt-weiden.de\/sintre\/#website","url":"https:\/\/www.witt-weiden.de\/sintre\/","name":"Sintre","description":"Fashion, Beauty und Lifestyle-Journal","potentialAction":[{"@type":"SearchAction","target":{"@type":"EntryPoint","urlTemplate":"https:\/\/www.witt-weiden.de\/sintre\/?s={search_term_string}"},"query-input":"required name=search_term_string"}],"inLanguage":"de"}]}},"_links":{"self":[{"href":"https:\/\/www.witt-weiden.de\/sintre\/wp-json\/wp\/v2\/pages\/16173"}],"collection":[{"href":"https:\/\/www.witt-weiden.de\/sintre\/wp-json\/wp\/v2\/pages"}],"about":[{"href":"https:\/\/www.witt-weiden.de\/sintre\/wp-json\/wp\/v2\/types\/page"}],"author":[{"embeddable":true,"href":"https:\/\/www.witt-weiden.de\/sintre\/wp-json\/wp\/v2\/users\/1"}],"replies":[{"embeddable":true,"href":"https:\/\/www.witt-weiden.de\/sintre\/wp-json\/wp\/v2\/comments?post=16173"}],"version-history":[{"count":0,"href":"https:\/\/www.witt-weiden.de\/sintre\/wp-json\/wp\/v2\/pages\/16173\/revisions"}],"wp:attachment":[{"href":"https:\/\/www.witt-weiden.de\/sintre\/wp-json\/wp\/v2\/media?parent=16173"}],"curies":[{"name":"wp","href":"https:\/\/api.w.org\/{rel}","templated":true}]}}