{"id":294,"date":"2014-11-26T13:11:14","date_gmt":"2014-11-26T13:11:14","guid":{"rendered":"http:\/\/demo.mekshq.com\/voice\/?page_id=294"},"modified":"2023-10-30T13:37:30","modified_gmt":"2023-10-30T12:37:30","slug":"kontakt","status":"publish","type":"page","link":"https:\/\/www.witt-weiden.de\/sintre\/kontakt\/","title":{"rendered":"Kontakt"},"content":{"rendered":"<p>Du hast Fragen zu einem Artikel, m\u00f6chtest mit in unsere Bloggerrunde aufgenommen werden oder h\u00e4ttest Anregungen und W\u00fcnsche f\u00fcr zuk\u00fcnftige Themen? Dann kannst Du uns gerne kontaktieren.<\/p>\n<p><a href=\"mailto:magazin@sintre.de\">magazin@sintre.de<\/a><\/p>\n<p>Wir freuen uns auf\u00a0deine Nachricht und geben\u00a0Dir baldm\u00f6glichst eine R\u00fcckmeldung!<\/p>\n","protected":false},"excerpt":{"rendered":"<p>Du hast Fragen zu einem Artikel, m\u00f6chtest mit in unsere Bloggerrunde aufgenommen werden oder h\u00e4ttest Anregungen und W\u00fcnsche f\u00fcr zuk\u00fcnftige Themen? Dann kannst Du uns gerne kontaktieren. magazin@sintre.de Wir freuen uns auf\u00a0deine Nachricht und geben\u00a0Dir baldm\u00f6glichst eine R\u00fcckmeldung!<\/p>\n","protected":false},"author":1,"featured_media":0,"parent":0,"menu_order":0,"comment_status":"closed","ping_status":"closed","template":"","meta":{"footnotes":""},"yoast_head":"<!-- This site is optimized with the Yoast SEO plugin v21.6 - https:\/\/yoast.com\/wordpress\/plugins\/seo\/ -->\n<title>Kontakt zu Sintre<\/title>\n<meta name=\"description\" content=\"Haben Sie Fragen zu Artikel, wollen Sie mit uns kooperieren oder wollen Sie demn\u00e4chst \u00fcber ein besonderes Thema auf Sintre lesen? Dann kontaktieren Sie uns!\" \/>\n<meta name=\"robots\" content=\"noindex, follow\" \/>\n<meta property=\"og:locale\" content=\"de_DE\" \/>\n<meta property=\"og:type\" content=\"article\" \/>\n<meta property=\"og:title\" content=\"Kontakt zu Sintre\" \/>\n<meta property=\"og:description\" content=\"Haben Sie Fragen zu Artikel, wollen Sie mit uns kooperieren oder wollen Sie demn\u00e4chst \u00fcber ein besonderes Thema auf Sintre lesen? Dann kontaktieren Sie uns!\" \/>\n<meta property=\"og:url\" content=\"https:\/\/www.witt-weiden.de\/sintre\/kontakt\/\" \/>\n<meta property=\"og:site_name\" content=\"Sintre\" \/>\n<meta property=\"article:publisher\" content=\"https:\/\/www.facebook.com\/Sintre.Modejournal\" \/>\n<meta property=\"article:modified_time\" content=\"2023-10-30T12:37:30+00:00\" \/>\n<meta name=\"twitter:card\" content=\"summary_large_image\" \/>\n<meta name=\"twitter:label1\" content=\"Gesch\u00e4tzte Lesezeit\" \/>\n\t<meta name=\"twitter:data1\" content=\"1\u00a0Minute\" \/>\n<script type=\"application\/ld+json\" class=\"yoast-schema-graph\">{\"@context\":\"https:\/\/schema.org\",\"@graph\":[{\"@type\":\"WebPage\",\"@id\":\"https:\/\/www.witt-weiden.de\/sintre\/kontakt\/\",\"url\":\"https:\/\/www.witt-weiden.de\/sintre\/kontakt\/\",\"name\":\"Kontakt zu Sintre\",\"isPartOf\":{\"@id\":\"https:\/\/www.witt-weiden.de\/sintre\/#website\"},\"datePublished\":\"2014-11-26T13:11:14+00:00\",\"dateModified\":\"2023-10-30T12:37:30+00:00\",\"description\":\"Haben Sie Fragen zu Artikel, wollen Sie mit uns kooperieren oder wollen Sie demn\u00e4chst \u00fcber ein besonderes Thema auf Sintre lesen? Dann kontaktieren Sie uns!\",\"breadcrumb\":{\"@id\":\"https:\/\/www.witt-weiden.de\/sintre\/kontakt\/#breadcrumb\"},\"inLanguage\":\"de\",\"potentialAction\":[{\"@type\":\"ReadAction\",\"target\":[\"https:\/\/www.witt-weiden.de\/sintre\/kontakt\/\"]}]},{\"@type\":\"BreadcrumbList\",\"@id\":\"https:\/\/www.witt-weiden.de\/sintre\/kontakt\/#breadcrumb\",\"itemListElement\":[{\"@type\":\"ListItem\",\"position\":1,\"name\":\"Sintre\",\"item\":\"https:\/\/www.witt-weiden.de\/sintre\/\"},{\"@type\":\"ListItem\",\"position\":2,\"name\":\"Kontakt\"}]},{\"@type\":\"WebSite\",\"@id\":\"https:\/\/www.witt-weiden.de\/sintre\/#website\",\"url\":\"https:\/\/www.witt-weiden.de\/sintre\/\",\"name\":\"Sintre\",\"description\":\"Fashion, Beauty und Lifestyle-Journal\",\"potentialAction\":[{\"@type\":\"SearchAction\",\"target\":{\"@type\":\"EntryPoint\",\"urlTemplate\":\"https:\/\/www.witt-weiden.de\/sintre\/?s={search_term_string}\"},\"query-input\":\"required name=search_term_string\"}],\"inLanguage\":\"de\"}]}<\/script>\n<!-- \/ Yoast SEO plugin. -->","yoast_head_json":{"title":"Kontakt zu Sintre","description":"Haben Sie Fragen zu Artikel, wollen Sie mit uns kooperieren oder wollen Sie demn\u00e4chst \u00fcber ein besonderes Thema auf Sintre lesen? Dann kontaktieren Sie uns!","robots":{"index":"noindex","follow":"follow"},"og_locale":"de_DE","og_type":"article","og_title":"Kontakt zu Sintre","og_description":"Haben Sie Fragen zu Artikel, wollen Sie mit uns kooperieren oder wollen Sie demn\u00e4chst \u00fcber ein besonderes Thema auf Sintre lesen? Dann kontaktieren Sie uns!","og_url":"https:\/\/www.witt-weiden.de\/sintre\/kontakt\/","og_site_name":"Sintre","article_publisher":"https:\/\/www.facebook.com\/Sintre.Modejournal","article_modified_time":"2023-10-30T12:37:30+00:00","twitter_card":"summary_large_image","twitter_misc":{"Gesch\u00e4tzte Lesezeit":"1\u00a0Minute"},"schema":{"@context":"https:\/\/schema.org","@graph":[{"@type":"WebPage","@id":"https:\/\/www.witt-weiden.de\/sintre\/kontakt\/","url":"https:\/\/www.witt-weiden.de\/sintre\/kontakt\/","name":"Kontakt zu Sintre","isPartOf":{"@id":"https:\/\/www.witt-weiden.de\/sintre\/#website"},"datePublished":"2014-11-26T13:11:14+00:00","dateModified":"2023-10-30T12:37:30+00:00","description":"Haben Sie Fragen zu Artikel, wollen Sie mit uns kooperieren oder wollen Sie demn\u00e4chst \u00fcber ein besonderes Thema auf Sintre lesen? Dann kontaktieren Sie uns!","breadcrumb":{"@id":"https:\/\/www.witt-weiden.de\/sintre\/kontakt\/#breadcrumb"},"inLanguage":"de","potentialAction":[{"@type":"ReadAction","target":["https:\/\/www.witt-weiden.de\/sintre\/kontakt\/"]}]},{"@type":"BreadcrumbList","@id":"https:\/\/www.witt-weiden.de\/sintre\/kontakt\/#breadcrumb","itemListElement":[{"@type":"ListItem","position":1,"name":"Sintre","item":"https:\/\/www.witt-weiden.de\/sintre\/"},{"@type":"ListItem","position":2,"name":"Kontakt"}]},{"@type":"WebSite","@id":"https:\/\/www.witt-weiden.de\/sintre\/#website","url":"https:\/\/www.witt-weiden.de\/sintre\/","name":"Sintre","description":"Fashion, Beauty und Lifestyle-Journal","potentialAction":[{"@type":"SearchAction","target":{"@type":"EntryPoint","urlTemplate":"https:\/\/www.witt-weiden.de\/sintre\/?s={search_term_string}"},"query-input":"required name=search_term_string"}],"inLanguage":"de"}]}},"_links":{"self":[{"href":"https:\/\/www.witt-weiden.de\/sintre\/wp-json\/wp\/v2\/pages\/294"}],"collection":[{"href":"https:\/\/www.witt-weiden.de\/sintre\/wp-json\/wp\/v2\/pages"}],"about":[{"href":"https:\/\/www.witt-weiden.de\/sintre\/wp-json\/wp\/v2\/types\/page"}],"author":[{"embeddable":true,"href":"https:\/\/www.witt-weiden.de\/sintre\/wp-json\/wp\/v2\/users\/1"}],"replies":[{"embeddable":true,"href":"https:\/\/www.witt-weiden.de\/sintre\/wp-json\/wp\/v2\/comments?post=294"}],"version-history":[{"count":0,"href":"https:\/\/www.witt-weiden.de\/sintre\/wp-json\/wp\/v2\/pages\/294\/revisions"}],"wp:attachment":[{"href":"https:\/\/www.witt-weiden.de\/sintre\/wp-json\/wp\/v2\/media?parent=294"}],"curies":[{"name":"wp","href":"https:\/\/api.w.org\/{rel}","templated":true}]}}