{"id":47932,"date":"2021-03-16T11:07:24","date_gmt":"2021-03-16T10:07:24","guid":{"rendered":"https:\/\/www.witt-weiden.de\/sintre\/?page_id=47932"},"modified":"2021-03-16T11:07:26","modified_gmt":"2021-03-16T10:07:26","slug":"ueber-uns-redaktion","status":"publish","type":"page","link":"https:\/\/www.witt-weiden.de\/sintre\/ueber-uns-redaktion\/","title":{"rendered":"\u00dcber uns"},"content":{"rendered":"\t\t<div data-elementor-type=\"wp-page\" data-elementor-id=\"47932\" class=\"elementor elementor-47932\">\n\t\t\t\t\t\t\t\t\t<section class=\"elementor-section elementor-top-section elementor-element elementor-element-386b3724 elementor-section-boxed elementor-section-height-default elementor-section-height-default\" data-id=\"386b3724\" data-element_type=\"section\" data-settings=\"{&quot;background_background&quot;:&quot;classic&quot;}\">\n\t\t\t\t\t\t<div class=\"elementor-container elementor-column-gap-default\">\n\t\t\t\t\t<div class=\"elementor-column elementor-col-100 elementor-top-column elementor-element elementor-element-7635a9b6\" data-id=\"7635a9b6\" data-element_type=\"column\">\n\t\t\t<div class=\"elementor-widget-wrap elementor-element-populated\">\n\t\t\t\t\t\t\t\t<div class=\"elementor-element elementor-element-7d4ec0d9 elementor-widget elementor-widget-spacer\" data-id=\"7d4ec0d9\" data-element_type=\"widget\" data-widget_type=\"spacer.default\">\n\t\t\t\t<div class=\"elementor-widget-container\">\n\t\t\t\t\t<div class=\"elementor-spacer\">\n\t\t\t<div class=\"elementor-spacer-inner\"><\/div>\n\t\t<\/div>\n\t\t\t\t<\/div>\n\t\t\t\t<\/div>\n\t\t\t\t<div class=\"elementor-element elementor-element-3a3c07e elementor-widget elementor-widget-heading\" data-id=\"3a3c07e\" data-element_type=\"widget\" data-widget_type=\"heading.default\">\n\t\t\t\t<div class=\"elementor-widget-container\">\n\t\t\t<h1 class=\"elementor-heading-title elementor-size-default\">\u00dcber uns<\/h1>\t\t<\/div>\n\t\t\t\t<\/div>\n\t\t\t\t<div class=\"elementor-element elementor-element-0f38370 elementor-widget elementor-widget-text-editor\" data-id=\"0f38370\" data-element_type=\"widget\" data-widget_type=\"text-editor.default\">\n\t\t\t\t<div class=\"elementor-widget-container\">\n\t\t\t\t\t\t\t<p style=\"text-align: center;\">Herzlich Willkommen beim Modejournal Sintre! Wir sind das Online-Magazin des Modeunternehmens WITT Weiden \u2013 ein Blog f\u00fcr Junggebliebene, die Mode, Beauty und Lifestyle lieben. Mit unseren Beitr\u00e4gen wollen wir Dich jede Woche aufs Neue inspirieren und dir Anregungen f\u00fcr deinen Kleiderschrank mitgeben. Denn wir wissen: Stil und Modebewusstsein sind keine Frage des Alters!<\/p>\t\t\t\t\t\t<\/div>\n\t\t\t\t<\/div>\n\t\t\t\t\t<\/div>\n\t\t<\/div>\n\t\t\t\t\t\t\t<\/div>\n\t\t<\/section>\n\t\t\t\t<section class=\"elementor-section elementor-top-section elementor-element elementor-element-315eda37 elementor-section-boxed elementor-section-height-default elementor-section-height-default\" data-id=\"315eda37\" data-element_type=\"section\">\n\t\t\t\t\t\t<div class=\"elementor-container elementor-column-gap-default\">\n\t\t\t\t\t<div class=\"elementor-column elementor-col-100 elementor-top-column elementor-element elementor-element-3e0ec298\" data-id=\"3e0ec298\" data-element_type=\"column\" data-settings=\"{&quot;background_background&quot;:&quot;classic&quot;}\">\n\t\t\t<div class=\"elementor-widget-wrap elementor-element-populated\">\n\t\t\t\t\t\t\t\t<div class=\"elementor-element elementor-element-7972b274 elementor-widget elementor-widget-image\" data-id=\"7972b274\" data-element_type=\"widget\" data-widget_type=\"image.default\">\n\t\t\t\t<div class=\"elementor-widget-container\">\n\t\t\t\t\t\t\t\t\t\t\t\t\t\t\t<img decoding=\"async\" src=\"https:\/\/www.witt-weiden.de\/sintre\/wp\/wp-content\/uploads\/elementor\/thumbs\/Sintre-Redaktion-p4aptudwaj5uxybf3m8bcu3iddwneaybuovxu7ycx4.jpeg\" title=\"Sintre-Redaktion\" alt=\"Sintre-Redaktion\" loading=\"lazy\" \/>\t\t\t\t\t\t\t\t\t\t\t\t\t\t\t<\/div>\n\t\t\t\t<\/div>\n\t\t\t\t<div class=\"elementor-element elementor-element-67ff8d89 elementor-widget elementor-widget-heading\" data-id=\"67ff8d89\" data-element_type=\"widget\" data-widget_type=\"heading.default\">\n\t\t\t\t<div class=\"elementor-widget-container\">\n\t\t\t<h2 class=\"elementor-heading-title elementor-size-default\">Woher kommt eigentlich der Name \"Sintre\"?<\/h2>\t\t<\/div>\n\t\t\t\t<\/div>\n\t\t\t\t<div class=\"elementor-element elementor-element-505366e1 elementor-widget elementor-widget-text-editor\" data-id=\"505366e1\" data-element_type=\"widget\" data-widget_type=\"text-editor.default\">\n\t\t\t\t<div class=\"elementor-widget-container\">\n\t\t\t\t\t\t\t<p class=\"MsoNormal\">Auf der Suche nach einem passenden Titel f\u00fcr ein Journal,\ndas sich in erster Linie mit Mode besch\u00e4ftigt, fiel uns das franz\u00f6sische Wort\nf\u00fcr Kleiderb\u00fcgel \u201cle cintre\u201d ins Auge. Begeistert von dem kleinen W\u00f6rtchen\nvereinfachten wir kurzerhand die Schreibweise \u2013 et voil\u00e0! Fertig war der Titel\nf\u00fcr unser Modejournal.<o:p><\/o:p><\/p>\t\t\t\t\t\t<\/div>\n\t\t\t\t<\/div>\n\t\t\t\t\t<\/div>\n\t\t<\/div>\n\t\t\t\t\t\t\t<\/div>\n\t\t<\/section>\n\t\t\t\t<section class=\"elementor-section elementor-top-section elementor-element elementor-element-19015860 elementor-section-boxed elementor-section-height-default elementor-section-height-default\" data-id=\"19015860\" data-element_type=\"section\" data-settings=\"{&quot;background_background&quot;:&quot;classic&quot;}\">\n\t\t\t\t\t\t<div class=\"elementor-container elementor-column-gap-default\">\n\t\t\t\t\t<div class=\"elementor-column elementor-col-100 elementor-top-column elementor-element elementor-element-6768f109\" data-id=\"6768f109\" data-element_type=\"column\">\n\t\t\t<div class=\"elementor-widget-wrap elementor-element-populated\">\n\t\t\t\t\t\t\t\t<div class=\"elementor-element elementor-element-f4f2512 elementor-widget elementor-widget-spacer\" data-id=\"f4f2512\" data-element_type=\"widget\" data-widget_type=\"spacer.default\">\n\t\t\t\t<div class=\"elementor-widget-container\">\n\t\t\t\t\t<div class=\"elementor-spacer\">\n\t\t\t<div class=\"elementor-spacer-inner\"><\/div>\n\t\t<\/div>\n\t\t\t\t<\/div>\n\t\t\t\t<\/div>\n\t\t\t\t\t<\/div>\n\t\t<\/div>\n\t\t\t\t\t\t\t<\/div>\n\t\t<\/section>\n\t\t\t\t<section class=\"elementor-section elementor-top-section elementor-element elementor-element-32effdb4 elementor-section-boxed elementor-section-height-default elementor-section-height-default\" data-id=\"32effdb4\" data-element_type=\"section\">\n\t\t\t\t\t\t<div class=\"elementor-container elementor-column-gap-default\">\n\t\t\t\t\t<div class=\"elementor-column elementor-col-100 elementor-top-column elementor-element elementor-element-79af62de\" data-id=\"79af62de\" data-element_type=\"column\">\n\t\t\t<div class=\"elementor-widget-wrap elementor-element-populated\">\n\t\t\t\t\t\t\t\t<div class=\"elementor-element elementor-element-efad001 elementor-widget elementor-widget-heading\" data-id=\"efad001\" data-element_type=\"widget\" data-widget_type=\"heading.default\">\n\t\t\t\t<div class=\"elementor-widget-container\">\n\t\t\t<h2 class=\"elementor-heading-title elementor-size-default\">Tauche mit uns ein in die Welt der Mode<\/h2>\t\t<\/div>\n\t\t\t\t<\/div>\n\t\t\t\t<div class=\"elementor-element elementor-element-5b25059f elementor-widget elementor-widget-spacer\" data-id=\"5b25059f\" data-element_type=\"widget\" data-widget_type=\"spacer.default\">\n\t\t\t\t<div class=\"elementor-widget-container\">\n\t\t\t\t\t<div class=\"elementor-spacer\">\n\t\t\t<div class=\"elementor-spacer-inner\"><\/div>\n\t\t<\/div>\n\t\t\t\t<\/div>\n\t\t\t\t<\/div>\n\t\t\t\t\t<\/div>\n\t\t<\/div>\n\t\t\t\t\t\t\t<\/div>\n\t\t<\/section>\n\t\t\t\t<section class=\"elementor-section elementor-top-section elementor-element elementor-element-caf631e elementor-section-boxed elementor-section-height-default elementor-section-height-default\" data-id=\"caf631e\" data-element_type=\"section\">\n\t\t\t\t\t\t<div class=\"elementor-container elementor-column-gap-default\">\n\t\t\t\t\t<div class=\"elementor-column elementor-col-33 elementor-top-column elementor-element elementor-element-dac5920\" data-id=\"dac5920\" data-element_type=\"column\">\n\t\t\t<div class=\"elementor-widget-wrap elementor-element-populated\">\n\t\t\t\t\t\t\t\t<div class=\"elementor-element elementor-element-5b928d0 elementor-widget elementor-widget-image\" data-id=\"5b928d0\" data-element_type=\"widget\" data-widget_type=\"image.default\">\n\t\t\t\t<div class=\"elementor-widget-container\">\n\t\t\t\t\t\t\t\t\t\t\t\t\t\t\t<img decoding=\"async\" src=\"https:\/\/www.witt-weiden.de\/sintre\/wp\/wp-content\/uploads\/elementor\/thumbs\/Patchwork-p3x1clv6q7ypin6jsyxlktqoqr9ppabs6wswl5qyfk.jpg\" title=\"Patchwork\" alt=\"Patchwork\" loading=\"lazy\" \/>\t\t\t\t\t\t\t\t\t\t\t\t\t\t\t<\/div>\n\t\t\t\t<\/div>\n\t\t\t\t<div class=\"elementor-element elementor-element-6bc03d0 elementor-widget elementor-widget-heading\" data-id=\"6bc03d0\" data-element_type=\"widget\" data-widget_type=\"heading.default\">\n\t\t\t\t<div class=\"elementor-widget-container\">\n\t\t\t<h3 class=\"elementor-heading-title elementor-size-default\">Patchwork - so stylst du den Materialmix<\/h3>\t\t<\/div>\n\t\t\t\t<\/div>\n\t\t\t\t<div class=\"elementor-element elementor-element-e60778a elementor-align-center elementor-widget elementor-widget-button\" data-id=\"e60778a\" data-element_type=\"widget\" data-widget_type=\"button.default\">\n\t\t\t\t<div class=\"elementor-widget-container\">\n\t\t\t\t\t<div class=\"elementor-button-wrapper\">\n\t\t\t<a class=\"elementor-button elementor-button-link elementor-size-sm\" href=\"\/sintre\/patchwork\/\" target=\"_blank\">\n\t\t\t\t\t\t<span class=\"elementor-button-content-wrapper\">\n\t\t\t\t\t\t<span class=\"elementor-button-text\">Weiterlesen<\/span>\n\t\t<\/span>\n\t\t\t\t\t<\/a>\n\t\t<\/div>\n\t\t\t\t<\/div>\n\t\t\t\t<\/div>\n\t\t\t\t\t<\/div>\n\t\t<\/div>\n\t\t\t\t<div class=\"elementor-column elementor-col-33 elementor-top-column elementor-element elementor-element-d4c7d18\" data-id=\"d4c7d18\" data-element_type=\"column\">\n\t\t\t<div class=\"elementor-widget-wrap elementor-element-populated\">\n\t\t\t\t\t\t\t\t<div class=\"elementor-element elementor-element-2f6db54 elementor-widget elementor-widget-image\" data-id=\"2f6db54\" data-element_type=\"widget\" data-widget_type=\"image.default\">\n\t\t\t\t<div class=\"elementor-widget-container\">\n\t\t\t\t\t\t\t\t\t\t\t\t\t\t\t<img decoding=\"async\" src=\"https:\/\/www.witt-weiden.de\/sintre\/wp\/wp-content\/uploads\/elementor\/thumbs\/Schick_im_Strickblazer-mzkf3u0wjsp7r26b3mokqsvk48wd9uf3yh1rbc7du8.jpg\" title=\"schick_im_strickblazer\" alt=\"schick_im_strickblazer\" loading=\"lazy\" \/>\t\t\t\t\t\t\t\t\t\t\t\t\t\t\t<\/div>\n\t\t\t\t<\/div>\n\t\t\t\t<div class=\"elementor-element elementor-element-e3d2863 elementor-widget elementor-widget-heading\" data-id=\"e3d2863\" data-element_type=\"widget\" data-widget_type=\"heading.default\">\n\t\t\t\t<div class=\"elementor-widget-container\">\n\t\t\t<h3 class=\"elementor-heading-title elementor-size-default\">Strick - Outfits f\u00fcr Herbst und Winter<\/h3>\t\t<\/div>\n\t\t\t\t<\/div>\n\t\t\t\t<div class=\"elementor-element elementor-element-2b7cf96 elementor-align-center elementor-widget elementor-widget-button\" data-id=\"2b7cf96\" data-element_type=\"widget\" data-widget_type=\"button.default\">\n\t\t\t\t<div class=\"elementor-widget-container\">\n\t\t\t\t\t<div class=\"elementor-button-wrapper\">\n\t\t\t<a class=\"elementor-button elementor-button-link elementor-size-sm\" href=\"\/sintre\/basics-kombinieren-strickjacke\/\" target=\"_blank\">\n\t\t\t\t\t\t<span class=\"elementor-button-content-wrapper\">\n\t\t\t\t\t\t<span class=\"elementor-button-text\">Weiterlesen<\/span>\n\t\t<\/span>\n\t\t\t\t\t<\/a>\n\t\t<\/div>\n\t\t\t\t<\/div>\n\t\t\t\t<\/div>\n\t\t\t\t\t<\/div>\n\t\t<\/div>\n\t\t\t\t<div class=\"elementor-column elementor-col-33 elementor-top-column elementor-element elementor-element-05723a1\" data-id=\"05723a1\" data-element_type=\"column\">\n\t\t\t<div class=\"elementor-widget-wrap elementor-element-populated\">\n\t\t\t\t\t\t\t\t<div class=\"elementor-element elementor-element-4faa4d8 elementor-widget elementor-widget-image\" data-id=\"4faa4d8\" data-element_type=\"widget\" data-widget_type=\"image.default\">\n\t\t\t\t<div class=\"elementor-widget-container\">\n\t\t\t\t\t\t\t\t\t\t\t\t\t\t\t<img decoding=\"async\" src=\"https:\/\/www.witt-weiden.de\/sintre\/wp\/wp-content\/uploads\/elementor\/thumbs\/Details_Galonstreifen-scaled-omcxa0f5q1grjhwe0q40xa9ol5gcgkadrbunijbr9s.jpg\" title=\"Details_Galonstreifen\" alt=\"Details_Galonstreifen\" loading=\"lazy\" \/>\t\t\t\t\t\t\t\t\t\t\t\t\t\t\t<\/div>\n\t\t\t\t<\/div>\n\t\t\t\t<div class=\"elementor-element elementor-element-bc9ba13 elementor-widget elementor-widget-heading\" data-id=\"bc9ba13\" data-element_type=\"widget\" data-widget_type=\"heading.default\">\n\t\t\t\t<div class=\"elementor-widget-container\">\n\t\t\t<h3 class=\"elementor-heading-title elementor-size-default\">Galonstreifen l\u00e4ssig kombinieren<\/h3>\t\t<\/div>\n\t\t\t\t<\/div>\n\t\t\t\t<div class=\"elementor-element elementor-element-43b744b elementor-align-center elementor-widget elementor-widget-button\" data-id=\"43b744b\" data-element_type=\"widget\" data-widget_type=\"button.default\">\n\t\t\t\t<div class=\"elementor-widget-container\">\n\t\t\t\t\t<div class=\"elementor-button-wrapper\">\n\t\t\t<a class=\"elementor-button elementor-button-link elementor-size-sm\" href=\"\/sintre\/galonstreifen\/\" target=\"_blank\">\n\t\t\t\t\t\t<span class=\"elementor-button-content-wrapper\">\n\t\t\t\t\t\t<span class=\"elementor-button-text\">Weiterlesen<\/span>\n\t\t<\/span>\n\t\t\t\t\t<\/a>\n\t\t<\/div>\n\t\t\t\t<\/div>\n\t\t\t\t<\/div>\n\t\t\t\t\t<\/div>\n\t\t<\/div>\n\t\t\t\t\t\t\t<\/div>\n\t\t<\/section>\n\t\t\t\t\t\t\t<\/div>\n\t\t","protected":false},"excerpt":{"rendered":"<p>\u00dcber uns Herzlich Willkommen beim Modejournal Sintre! Wir sind das Online-Magazin des Modeunternehmens WITT Weiden \u2013 ein Blog f\u00fcr Junggebliebene, die Mode, Beauty und Lifestyle lieben. Mit unseren Beitr\u00e4gen wollen wir Dich jede Woche aufs Neue inspirieren und dir Anregungen f\u00fcr deinen Kleiderschrank mitgeben. Denn wir wissen: Stil und Modebewusstsein sind keine Frage des Alters! [&hellip;]<\/p>\n","protected":false},"author":1,"featured_media":0,"parent":0,"menu_order":0,"comment_status":"closed","ping_status":"closed","template":"","meta":{"footnotes":""},"yoast_head":"<!-- This site is optimized with the Yoast SEO plugin v21.6 - https:\/\/yoast.com\/wordpress\/plugins\/seo\/ -->\n<title>\u00dcber uns | Sintre<\/title>\n<meta name=\"description\" content=\"Herzlich Willkommen beim Modejournal Sintre! Wir sind ein Blog f\u00fcr Junggebliebene, die Mode, Beauty und Lifestyle lieben.\" \/>\n<meta name=\"robots\" content=\"index, follow, max-snippet:-1, max-image-preview:large, max-video-preview:-1\" \/>\n<link rel=\"canonical\" href=\"https:\/\/www.witt-weiden.de\/sintre\/ueber-uns-redaktion\/\" \/>\n<meta property=\"og:locale\" content=\"de_DE\" \/>\n<meta property=\"og:type\" content=\"article\" \/>\n<meta property=\"og:title\" content=\"\u00dcber uns | Sintre\" \/>\n<meta property=\"og:description\" content=\"Herzlich Willkommen beim Modejournal Sintre! Wir sind ein Blog f\u00fcr Junggebliebene, die Mode, Beauty und Lifestyle lieben.\" \/>\n<meta property=\"og:url\" content=\"https:\/\/www.witt-weiden.de\/sintre\/ueber-uns-redaktion\/\" \/>\n<meta property=\"og:site_name\" content=\"Sintre\" \/>\n<meta property=\"article:publisher\" content=\"https:\/\/www.facebook.com\/Sintre.Modejournal\" \/>\n<meta property=\"article:modified_time\" content=\"2021-03-16T10:07:26+00:00\" \/>\n<meta property=\"og:image\" content=\"https:\/\/www.witt-weiden.de\/sintre\/wp\/wp-content\/uploads\/elementor\/thumbs\/Sintre-Redaktion-p4aptudwaj5uxybf3m8bcu3iddwneaybuovxskeznk.jpeg\" \/>\n<meta name=\"twitter:card\" content=\"summary_large_image\" \/>\n<meta name=\"twitter:label1\" content=\"Gesch\u00e4tzte Lesezeit\" \/>\n\t<meta name=\"twitter:data1\" content=\"1\u00a0Minute\" \/>\n<script type=\"application\/ld+json\" class=\"yoast-schema-graph\">{\"@context\":\"https:\/\/schema.org\",\"@graph\":[{\"@type\":\"WebPage\",\"@id\":\"https:\/\/www.witt-weiden.de\/sintre\/ueber-uns-redaktion\/\",\"url\":\"https:\/\/www.witt-weiden.de\/sintre\/ueber-uns-redaktion\/\",\"name\":\"\u00dcber uns | Sintre\",\"isPartOf\":{\"@id\":\"https:\/\/www.witt-weiden.de\/sintre\/#website\"},\"datePublished\":\"2021-03-16T10:07:24+00:00\",\"dateModified\":\"2021-03-16T10:07:26+00:00\",\"description\":\"Herzlich Willkommen beim Modejournal Sintre! Wir sind ein Blog f\u00fcr Junggebliebene, die Mode, Beauty und Lifestyle lieben.\",\"breadcrumb\":{\"@id\":\"https:\/\/www.witt-weiden.de\/sintre\/ueber-uns-redaktion\/#breadcrumb\"},\"inLanguage\":\"de\",\"potentialAction\":[{\"@type\":\"ReadAction\",\"target\":[\"https:\/\/www.witt-weiden.de\/sintre\/ueber-uns-redaktion\/\"]}]},{\"@type\":\"BreadcrumbList\",\"@id\":\"https:\/\/www.witt-weiden.de\/sintre\/ueber-uns-redaktion\/#breadcrumb\",\"itemListElement\":[{\"@type\":\"ListItem\",\"position\":1,\"name\":\"Sintre\",\"item\":\"https:\/\/www.witt-weiden.de\/sintre\/\"},{\"@type\":\"ListItem\",\"position\":2,\"name\":\"\u00dcber uns\"}]},{\"@type\":\"WebSite\",\"@id\":\"https:\/\/www.witt-weiden.de\/sintre\/#website\",\"url\":\"https:\/\/www.witt-weiden.de\/sintre\/\",\"name\":\"Sintre\",\"description\":\"Fashion, Beauty und Lifestyle-Journal\",\"potentialAction\":[{\"@type\":\"SearchAction\",\"target\":{\"@type\":\"EntryPoint\",\"urlTemplate\":\"https:\/\/www.witt-weiden.de\/sintre\/?s={search_term_string}\"},\"query-input\":\"required name=search_term_string\"}],\"inLanguage\":\"de\"}]}<\/script>\n<!-- \/ Yoast SEO plugin. -->","yoast_head_json":{"title":"\u00dcber uns | Sintre","description":"Herzlich Willkommen beim Modejournal Sintre! Wir sind ein Blog f\u00fcr Junggebliebene, die Mode, Beauty und Lifestyle lieben.","robots":{"index":"index","follow":"follow","max-snippet":"max-snippet:-1","max-image-preview":"max-image-preview:large","max-video-preview":"max-video-preview:-1"},"canonical":"https:\/\/www.witt-weiden.de\/sintre\/ueber-uns-redaktion\/","og_locale":"de_DE","og_type":"article","og_title":"\u00dcber uns | Sintre","og_description":"Herzlich Willkommen beim Modejournal Sintre! Wir sind ein Blog f\u00fcr Junggebliebene, die Mode, Beauty und Lifestyle lieben.","og_url":"https:\/\/www.witt-weiden.de\/sintre\/ueber-uns-redaktion\/","og_site_name":"Sintre","article_publisher":"https:\/\/www.facebook.com\/Sintre.Modejournal","article_modified_time":"2021-03-16T10:07:26+00:00","og_image":[{"url":"https:\/\/www.witt-weiden.de\/sintre\/wp\/wp-content\/uploads\/elementor\/thumbs\/Sintre-Redaktion-p4aptudwaj5uxybf3m8bcu3iddwneaybuovxskeznk.jpeg"}],"twitter_card":"summary_large_image","twitter_misc":{"Gesch\u00e4tzte Lesezeit":"1\u00a0Minute"},"schema":{"@context":"https:\/\/schema.org","@graph":[{"@type":"WebPage","@id":"https:\/\/www.witt-weiden.de\/sintre\/ueber-uns-redaktion\/","url":"https:\/\/www.witt-weiden.de\/sintre\/ueber-uns-redaktion\/","name":"\u00dcber uns | Sintre","isPartOf":{"@id":"https:\/\/www.witt-weiden.de\/sintre\/#website"},"datePublished":"2021-03-16T10:07:24+00:00","dateModified":"2021-03-16T10:07:26+00:00","description":"Herzlich Willkommen beim Modejournal Sintre! Wir sind ein Blog f\u00fcr Junggebliebene, die Mode, Beauty und Lifestyle lieben.","breadcrumb":{"@id":"https:\/\/www.witt-weiden.de\/sintre\/ueber-uns-redaktion\/#breadcrumb"},"inLanguage":"de","potentialAction":[{"@type":"ReadAction","target":["https:\/\/www.witt-weiden.de\/sintre\/ueber-uns-redaktion\/"]}]},{"@type":"BreadcrumbList","@id":"https:\/\/www.witt-weiden.de\/sintre\/ueber-uns-redaktion\/#breadcrumb","itemListElement":[{"@type":"ListItem","position":1,"name":"Sintre","item":"https:\/\/www.witt-weiden.de\/sintre\/"},{"@type":"ListItem","position":2,"name":"\u00dcber uns"}]},{"@type":"WebSite","@id":"https:\/\/www.witt-weiden.de\/sintre\/#website","url":"https:\/\/www.witt-weiden.de\/sintre\/","name":"Sintre","description":"Fashion, Beauty und Lifestyle-Journal","potentialAction":[{"@type":"SearchAction","target":{"@type":"EntryPoint","urlTemplate":"https:\/\/www.witt-weiden.de\/sintre\/?s={search_term_string}"},"query-input":"required name=search_term_string"}],"inLanguage":"de"}]}},"_links":{"self":[{"href":"https:\/\/www.witt-weiden.de\/sintre\/wp-json\/wp\/v2\/pages\/47932"}],"collection":[{"href":"https:\/\/www.witt-weiden.de\/sintre\/wp-json\/wp\/v2\/pages"}],"about":[{"href":"https:\/\/www.witt-weiden.de\/sintre\/wp-json\/wp\/v2\/types\/page"}],"author":[{"embeddable":true,"href":"https:\/\/www.witt-weiden.de\/sintre\/wp-json\/wp\/v2\/users\/1"}],"replies":[{"embeddable":true,"href":"https:\/\/www.witt-weiden.de\/sintre\/wp-json\/wp\/v2\/comments?post=47932"}],"version-history":[{"count":0,"href":"https:\/\/www.witt-weiden.de\/sintre\/wp-json\/wp\/v2\/pages\/47932\/revisions"}],"wp:attachment":[{"href":"https:\/\/www.witt-weiden.de\/sintre\/wp-json\/wp\/v2\/media?parent=47932"}],"curies":[{"name":"wp","href":"https:\/\/api.w.org\/{rel}","templated":true}]}}